{"id":12696,"date":"2012-02-11T00:21:27","date_gmt":"2012-02-10T23:21:27","guid":{"rendered":"http:\/\/www.stefan-niggemeier.de\/blog\/?page_id=12696"},"modified":"2020-12-30T13:37:30","modified_gmt":"2020-12-30T12:37:30","slug":"links","status":"publish","type":"page","link":"http:\/\/www.stefan-niggemeier.de\/blog\/links\/","title":{"rendered":"Blogroll"},"content":{"rendered":"<table class=\"blogroll\">\n<tr width=\"100%\">\n<td width=\"100px\"><a href=\"http:\/\/ahoipolloi.blogger.de\/\"><img  class=\"links\" src='http:\/\/www.stefan-niggemeier.de\/ahoipolloi2.gif' alt='ahoi polloi' title='ahoi polloi' \/><\/a>\n<\/td>\n<td><b><em>Ahoi Polloi<\/em><\/b><br \/>\nFast jeden Tag krickelt Hoi Polloi (\u03bf\u1f31 \u03c0\u03bf\u03bb\u03bb\u03bf\u03af: abf\u00e4llig f\u00fcr &#8222;die Leute, das Plebeszit&#8220;) eine angemessen abwegige Zeichnung in sein Moleskine.<\/td>\n<\/tr>\n<tr>\n<td><a href=\"http:\/\/weblogs.evangelisch.de\/weblogs\/d\/Altpapier\/\"><img decoding=\"async\" class=\"links\" src=\"http:\/\/www.stefan-niggemeier.de\/altpapier.jpeg\" alt=\"Das Altpapier\" title=\"Das Altpapier\" \/><\/a>\n<\/td>\n<td><b><em>Das Altpapier<\/em><\/b><br \/>\nT\u00e4gliche Kolumne \u00fcber medienjournalistische Inhalte in Zeitungen und im Netz: pointiert, gut informiert, unverzichtbar.<\/td>\n<\/tr>\n<tr>\n<td><a href=\"http:\/\/andrewsullivan.theatlantic.com\/\"><img decoding=\"async\" class=\"links\" src=\"http:\/\/www.stefan-niggemeier.de\/andrewsullivan.gif\" alt=\"Andrew Sullivan\" title=\"Andrew Sullivan\" \/><\/a><\/td>\n<td><b><em>Andrew Sullivan<\/em><\/b><br \/>\nEr ist schwul, konservativ, katholisch und Anh\u00e4nger Barack Obamas. Er sitzt bequem zwischen allen St\u00fchlen und bloggt manisch, l\u00e4stig, klug, aggressiv und am\u00fcsant \u00fcber Politik und den ganzen Rest.  <\/td>\n<\/tr>\n<tr>\n<td><a href=\"http:\/\/www.ankegroener.de\/\"><img  class=\"links\" src='http:\/\/www.stefan-niggemeier.de\/ankegroener2.gif' alt='Anke Gr\u00f6ner' title='Anke Gr\u00f6ner' \/><\/a><\/td>\n<td><b><em>Anke Gr\u00f6ner<\/em><\/b><br \/>\nNiemand schreibt so lebendig, farbig, leidenschaftlich und appetitanregend \u00fcber Essen, Trinken und das Leben.<\/td>\n<\/tr>\n<tr>\n<td><a href=\"http:\/\/blog.beetlebum.de\/\"><img class=\"links\" src='http:\/\/www.stefan-niggemeier.de\/blog\/wp-content\/beetlebum.jpg' alt='Beetlebum' title='Beetlebum' \/><\/a><\/td>\n<td><b><em>Beetlebum<\/em><\/b><br \/>\nJohannes Kretzschmars hinrei\u00dfende Web-Cartoons.<\/td>\n<\/tr>\n<tr>\n<td><a href=\"http:\/\/www.britcoms.de\/\"><img decoding=\"async\" class=\"links\" src=\"http:\/\/www.stefan-niggemeier.de\/britcoms.gif\" title=\"Britische Sitcoms\" alt=\"Britische Sitcoms\" \/><\/a><\/td>\n<td><b><em>Britcoms<\/em><\/b><br \/>\nOliver Nagel bloggt \u00fcber britische Sitcoms und angloamerikanisches Fernsehen \u00fcberhaupt.<\/td>\n<\/tr>\n<tr>\n<td><a href=\"http:\/\/www.coffeeandtv.de\"><img class=\"links\" src='http:\/\/www.stefan-niggemeier.de\/coffeeandtv.gif' alt='Coffee And TV' title='Coffee And TV' \/><\/a><\/td>\n<td><b><em>Coffee And TV<\/em><\/b><br \/>\nLukas Heinsers privates Blog \u00fcber Popkultur und alles, was ihn gerade besch\u00e4ftigt.<\/td>\n<\/tr>\n<tr>\n<td><a href=\"http:\/\/www.dirkvongehlen.de\/\"><img class=\"links\" src='http:\/\/www.stefan-niggemeier.de\/mashup.gif' alt='Digitale Notizen' title='Digitale Notizen' \/><\/a><\/td>\n<td><b><em>Digitale Notizen<\/em><\/b><br \/>\nDirk von Gehlen, Redaktionsleiter von jetzt.de, bloggt privat \u00fcber die Umbr\u00fcche in den Medien und gegen die Denunzierung der Kopie in der Kultur.<\/td>\n<\/tr>\n<tr>\n<td><a href=\"http:\/\/www.fernsehlexikon.de\/\"><img decoding=\"async\" class=\"links\" src=\"http:\/\/www.stefan-niggemeier.de\/fernsehlexikon.gif\" alt=\"Das Fernsehlexikon\" title=\"Das Fernsehlexikon\" \/><\/a><\/td>\n<td><b><em>Das Fernsehlexikon<\/em><\/b><br \/>\nDas Blog zum Buch von Michael Reufsteck und mir. Viele Sendungsinformationen und sporadische aktuelle Beobachtungen von Michael.<\/td>\n<\/tr>\n<tr>\n<td><a href=\"http:\/\/www.ulmen.tv\/fernsehblog\/\"><img decoding=\"async\" class=\"links\" src=\"http:\/\/www.stefan-niggemeier.de\/fernsehblog.gif\" alt=\"Fernsehblog\" title=\"Fernsehblog\" \/><\/a><\/td>\n<td><b><em>Fernsehblog<\/em><\/b><br \/>\nUrspr\u00fcnglich mit mir auf faz.net, jetzt allein auf ulmen.tv guckt Peer Schader Fernsehen und bespricht, was sonst keiner bespricht.<\/td>\n<\/tr>\n<tr>\n<td><a href=\"http:\/\/friedrichalthausen.de\/\"><img decoding=\"async\" class=\"links\" src=\"http:\/\/www.stefan-niggemeier.de\/vollkorn.gif\" alt=\"Friedrich Althausen\" title=\"Friedrich Althausen\" \/><\/a><\/td>\n<td><b><em>Friedrich Althausen<\/em><\/b><br \/>\nTypograph und Erfinder der &#8222;Vollkorn&#8220;-Schrift, in der die \u00dcberschriften dieses Blogs gestaltet sind.<\/td>\n<\/tr>\n<tr>\n<td><a href=\"http:\/\/www.hermsfarm.de\/blog\"><img decoding=\"async\" class=\"links\" src=\"http:\/\/www.stefan-niggemeier.de\/hermfarm.gif\" alt=\"Herms Farm\" title=\"Herms Farm\" \/><\/a><\/td>\n<td><b><em>Herms Farm<\/em><\/b><br \/>\nMarkus &#8222;Herm&#8220; Hermann und wie er die Welt sieht: bunt, bekloppt, abwegig, lustig, warmherzig.<\/td>\n<\/tr>\n<tr>\n<td><a href=\"http:\/\/jensweinreich.de\/\"><img class=\"links\" src='http:\/\/www.stefan-niggemeier.de\/jensweinreich.gif' alt='jens weinreich' title='jens weinreich' \/><\/a><\/td>\n<td><b><em>Jens Weinreich<\/em><\/b><br \/>\nDer Mann f\u00fcr die Abgr\u00fcnde hinter den sch\u00f6nen Wettbewerbsfassaden: Jens Weinreich ist ein Sportjournalist anderer Art. <\/td>\n<\/tr>\n<tr>\n<td><a href=\"http:\/\/lessig.tumblr.com\/\"><img class=\"links\" src='http:\/\/www.stefan-niggemeier.de\/lessig.gif' alt='Lessig Blog v2' title='Lessig Blog v2' \/><\/a><\/td>\n<td><b><em>Lessig Blog, v2<\/em><\/b><br \/>\nNotizen des amerikanischen Rechtsprofessors Lawrence Lessig.<\/td>\n<\/tr>\n<tr>\n<td><a href=\"http:\/\/www.der-postillon.com\"><img class=\"links\" src='http:\/\/www.stefan-niggemeier.de\/postillon2.gif' alt='Der Postillon' title='Der Postillon' \/><\/a><\/td>\n<td><b><em>Der Postillon<\/em><\/b><br \/>\nNachrichten, so gut erfunden, dass sie wahrer sind als die Wirklichkeit.<\/td>\n<\/tr>\n<tr>\n<td><a href=\"http:\/\/www.pantelouris.de\"><img decoding=\"async\" class=\"links\" src=\"http:\/\/www.stefan-niggemeier.de\/michalis.gif\" alt='Michalis Pantelouris' title='Michalis Pantelouris' \/><\/a><\/td>\n<td><b><em>Michalis Pantelouris<\/em><\/b><br \/>\nGeborener Europ\u00e4er, gelernter Hamburger: Michalis Pantelouris, der Vorzeigegrieche aus &#8222;Anne Will&#8220;, arbeitet zwar hauptberuflich nicht mehr als Journalist, sondern als Oliven\u00f6ligarch, bloggt aber zum Gl\u00fcck gelegentlich noch, vor allem aus Notwehr.<\/td>\n<\/tr>\n<tr>\n<td><a href=\"http:\/\/www.rivva.de\"><img decoding=\"async\" class=\"links\" src=\"http:\/\/www.stefan-niggemeier.de\/rivva2.gif\" alt=\"Rivva\" title=\"Rivva\" \/><\/a><\/td>\n<td><b><em>Rivva<\/em><\/b><br \/>\nFrank Westphals genialer Aggregator zeigt automatisiert und aktuell, wor\u00fcber die Leute in Blogs und auf Twitter diskutieren.<\/td>\n<\/tr>\n<tr>\n<td><a href=\"http:\/\/sakana.antville.org\/\"><img decoding=\"async\" class=\"links\" src=\"http:\/\/www.stefan-niggemeier.de\/sakana.gif\" alt=\"Sakana\" title=\"Sakana\" \/><\/a><\/td>\n<td><b><em>Sakana<\/em><\/b><br \/>\nSporadische melancholische Notizen und im Sommer viel Schafcontent vom Deich.<\/td>\n<\/tr>\n<tr>\n<td><a href=\"http:\/\/saschalobo.com\"><img decoding=\"async\" class=\"links\" src=\"http:\/\/www.stefan-niggemeier.de\/saschalobo2.gif\" alt=\"Sascha Lobo\" title=\"Sascha Lobo\" \/><\/a><\/td>\n<td><b><em>Sascha Lobo<\/em><\/b><br \/>\nSascha Lobo ist eigentlich gar kein gro\u00dfer Blogger, hat aber wenigstens inzwischen eine blog\u00e4hnliche Heimat im Netz.<\/td>\n<\/tr>\n<tr>\n<td><a href=\"http:\/\/www.supermarktblog.com\"><img decoding=\"async\" class=\"links\" src=\"http:\/\/www.stefan-niggemeier.de\/supermarktblog.gif\" alt=\"Supermarktblog\" title=\"Supermarktblog\" \/><\/a><\/td>\n<td><b><em>Supermarktblog<\/em><\/b><br \/>\nWenn es ein neues K\u00fchlthekenkonzept bei Rewe gibt, steht es hier zuerst. Peer Schader bloggt \u00fcber Mittelmarken, M\u00e4rkte und Milchverpackungen.  <\/td>\n<\/tr>\n<tr>\n<td><a href=\"http:\/\/www.sprachlog.de\/\"><img decoding=\"async\" class=\"links\" src=\"http:\/\/www.stefan-niggemeier.de\/sprachlog2.gif\" alt=\"Sprachlog\" title=\"Sprachlog\" \/><\/a><\/td>\n<td><b><em>Sprachlog<\/em><\/b><br \/>\nAnatol Stefanowitsch analysiert sprachliche Ph\u00e4nomene und arbeitet sich besonders gern an den Untergangspropheten der deutschen Sprache ab.<\/td>\n<\/tr>\n<tr>\n<td><a href=\"http:\/\/www.sprengsatz.de\/\"><img decoding=\"async\" class=\"links\" src=\"http:\/\/www.stefan-niggemeier.de\/sprengsatz2.gif\" alt=\"Sprengsatz\" title=\"Sprengsatz\" \/><\/a><\/td>\n<td><b><em>Sprengsatz<\/em><\/b><br \/>\nEx-&#8222;BamS&#8220;-Chef und Beinahe-Kanzlermacher Michael Spreng kommentiert unabh\u00e4ngig und unpr\u00e4tenti\u00f6s Politik und plaudert aus einem beachtlichen N\u00e4hkasten.<\/td>\n<\/tr>\n<tr>\n<td><a href=\"http:\/\/www.topfvollgold.de\/\"><img class=\"links\" src='http:\/\/www.stefan-niggemeier.de\/blog\/wp-content\/topfvollgold.gif' alt='' \/><\/a><\/td>\n<td><b><\/em>Topf voll Gold<\/em><\/b><br \/>\nMats Sch\u00f6nauer &#038; Moritz Tschermak nehmen die L\u00fcgen der Regenbogenpresse unter die Lupe.<\/td>\n<\/tr>\n<tr>\n<td><a href=\"http:\/\/wirres.net\"><img decoding=\"async\" class=\"links\" src=\"http:\/\/www.stefan-niggemeier.de\/wirres.gif\" alt='Wirres' title=\"Wirres\" ><\/a><\/td>\n<td><b><em>Wirres<\/em><\/b><br \/>\nFelix &#8222;ix&#8220; Schwenzel ist der Mann, dessen Blog mich zum Bloggen gebracht hat. Bis heute fasziniert mich sein einmaliges Talent zum klugen Hinrotzen.<\/td>\n<\/tr>\n<\/table>\n","protected":false},"excerpt":{"rendered":"<p>Ahoi Polloi Fast jeden Tag krickelt Hoi Polloi (\u03bf\u1f31 \u03c0\u03bf\u03bb\u03bb\u03bf\u03af: abf\u00e4llig f\u00fcr &#8222;die Leute, das Plebeszit&#8220;) eine angemessen abwegige Zeichnung in sein Moleskine. Das Altpapier T\u00e4gliche Kolumne \u00fcber medienjournalistische Inhalte in Zeitungen und im Netz: pointiert, gut informiert, unverzichtbar. Andrew Sullivan Er ist schwul, konservativ, katholisch und Anh\u00e4nger Barack Obamas. Er sitzt bequem zwischen allen<\/p>\n","protected":false},"author":3,"featured_media":0,"parent":0,"menu_order":0,"comment_status":"closed","ping_status":"open","template":"","meta":{"footnotes":""},"_links":{"self":[{"href":"http:\/\/www.stefan-niggemeier.de\/blog\/wp-json\/wp\/v2\/pages\/12696"}],"collection":[{"href":"http:\/\/www.stefan-niggemeier.de\/blog\/wp-json\/wp\/v2\/pages"}],"about":[{"href":"http:\/\/www.stefan-niggemeier.de\/blog\/wp-json\/wp\/v2\/types\/page"}],"author":[{"embeddable":true,"href":"http:\/\/www.stefan-niggemeier.de\/blog\/wp-json\/wp\/v2\/users\/3"}],"replies":[{"embeddable":true,"href":"http:\/\/www.stefan-niggemeier.de\/blog\/wp-json\/wp\/v2\/comments?post=12696"}],"version-history":[{"count":82,"href":"http:\/\/www.stefan-niggemeier.de\/blog\/wp-json\/wp\/v2\/pages\/12696\/revisions"}],"predecessor-version":[{"id":17593,"href":"http:\/\/www.stefan-niggemeier.de\/blog\/wp-json\/wp\/v2\/pages\/12696\/revisions\/17593"}],"wp:attachment":[{"href":"http:\/\/www.stefan-niggemeier.de\/blog\/wp-json\/wp\/v2\/media?parent=12696"}],"curies":[{"name":"wp","href":"https:\/\/api.w.org\/{rel}","templated":true}]}}